{"id":1760,"date":"2025-06-04T18:04:41","date_gmt":"2025-06-04T16:04:41","guid":{"rendered":"https:\/\/www.meng-partner.ch\/customer-intake\/"},"modified":"2026-03-30T18:31:59","modified_gmt":"2026-03-30T16:31:59","slug":"customer-intake","status":"publish","type":"page","link":"https:\/\/www.meng-partner.ch\/en\/customer-intake\/","title":{"rendered":"Customer reception of course"},"content":{"rendered":"<style id=\"wpforms-css-vars-1764-block-0715cac1-adc9-4367-b41e-6fad60916ede\">\n\t\t\t\t#wpforms-1764.wpforms-block-0715cac1-adc9-4367-b41e-6fad60916ede {\n\t\t\t\t--wpforms-label-color: #000000;\n--wpforms-label-sublabel-color: #8b8b8b;\n--wpforms-label-error-color: #a10000;\n--wpforms-page-break-color: #2da314;\n--wpforms-field-border-radius: 6px;\n--wpforms-field-border-color: #cfcfcf;\n--wpforms-field-border-color-spare: #cfcfcf;\n--wpforms-field-text-color: #000000;\n--wpforms-field-menu-color: rgba( 0, 0, 0, 0 );\n--wpforms-container-padding: 60px;\n--wpforms-container-border-radius: 10px;\n--wpforms-button-border-radius: 6px;\n--wpforms-button-background-color: #004d80;\n--wpforms-button-border-color: #2da314;\n--wpforms-background-position: top right;\n--wpforms-background-color: #eaeaea;\n--wpforms-field-size-input-height: 43px;\n--wpforms-field-size-input-spacing: 15px;\n--wpforms-field-size-font-size: 16px;\n--wpforms-field-size-line-height: 19px;\n--wpforms-field-size-padding-h: 14px;\n--wpforms-field-size-checkbox-size: 16px;\n--wpforms-field-size-sublabel-spacing: 5px;\n--wpforms-field-size-icon-size: 1;\n--wpforms-label-size-font-size: 16px;\n--wpforms-label-size-line-height: 19px;\n--wpforms-label-size-sublabel-font-size: 14px;\n--wpforms-label-size-sublabel-line-height: 17px;\n--wpforms-button-size-font-size: 17px;\n--wpforms-button-size-height: 41px;\n--wpforms-button-size-padding-h: 15px;\n--wpforms-button-size-margin-top: 10px;\n--wpforms-container-shadow-size-box-shadow: 0px 10px 20px 0px rgba(0, 0, 0, 0.1);\n\t\t\t}\n\t\t\t<\/style><style id=\"wpforms-custom-css-1764-block-0715cac1-adc9-4367-b41e-6fad60916ede\">\n\t\t\t\tlabel { font-weight: 450 !important; }\n\t\t\t<\/style><div class=\"wpforms-container wpforms-container-full wpforms-block wpforms-block-0715cac1-adc9-4367-b41e-6fad60916ede wpforms-render-modern\" id=\"wpforms-1764\"><form id=\"wpforms-form-1764\" class=\"wpforms-validate wpforms-form wpforms-ajax-form\" data-formid=\"1764\" method=\"post\" enctype=\"multipart\/form-data\" action=\"\/en\/wp-json\/wp\/v2\/pages\/1760\" data-token=\"c4a4583a4151efe95550ffb4ea7248b1\" data-token-time=\"1776316922\"><noscript class=\"wpforms-error-noscript\">Please enable JavaScript in your browser to complete this form.<\/noscript><div id=\"wpforms-error-noscript\" style=\"display: none;\">Please enable JavaScript in your browser to complete this form.<\/div><div class=\"wpforms-field-container\"><div id=\"wpforms-1764-field_10-container\" class=\"wpforms-field wpforms-field-layout\" data-field-id=\"10\"><h3 class=\"wpforms-field-label\">\n\t\t\t\tMaster data\n\t\t\t<\/h3><div class=\"wpforms-field-layout-rows wpforms-field-large\"><div class=\"wpforms-layout-row\"><div class=\"wpforms-layout-column wpforms-layout-column-33\"><div id=\"wpforms-1764-field_11-container\" class=\"wpforms-field wpforms-field-select wpforms-field-select-style-classic\" data-field-id=\"11\"><label class=\"wpforms-field-label\" for=\"wpforms-1764-field_11\">Salutation <span class=\"wpforms-required-label\" aria-hidden=\"true\">*<\/span><\/label><select id=\"wpforms-1764-field_11\" class=\"wpforms-field-medium wpforms-field-required\" name=\"wpforms[fields][11]\" required=\"required\"><option value=\"\" class=\"placeholder\" disabled  selected='selected'>Please select<\/option><option value=\"Mr.\"  class=\"choice-1 depth-1\"  >Mr.<\/option><option value=\"Woman\"  class=\"choice-2 depth-1\"  >Woman<\/option><option value=\"Other\"  class=\"choice-3 depth-1\"  >Other<\/option><\/select><\/div><\/div><div class=\"wpforms-layout-column wpforms-layout-column-33\"><div id=\"wpforms-1764-field_12-container\" class=\"wpforms-field wpforms-field-text\" data-field-id=\"12\"><label class=\"wpforms-field-label\" for=\"wpforms-1764-field_12\">First name <span class=\"wpforms-required-label\" aria-hidden=\"true\">*<\/span><\/label><input type=\"text\" id=\"wpforms-1764-field_12\" class=\"wpforms-field-medium wpforms-field-required\" name=\"wpforms[fields][12]\" aria-errormessage=\"wpforms-1764-field_12-error\" required><\/div><\/div><div class=\"wpforms-layout-column wpforms-layout-column-33\"><div id=\"wpforms-1764-field_13-container\" class=\"wpforms-field wpforms-field-text\" data-field-id=\"13\"><label class=\"wpforms-field-label\" for=\"wpforms-1764-field_13\">Surname <span class=\"wpforms-required-label\" aria-hidden=\"true\">*<\/span><\/label><input type=\"text\" id=\"wpforms-1764-field_13\" class=\"wpforms-field-medium wpforms-field-required\" name=\"wpforms[fields][13]\" aria-errormessage=\"wpforms-1764-field_13-error\" required><\/div><\/div><\/div><\/div><\/div><div id=\"wpforms-1764-field_18-container\" class=\"wpforms-field wpforms-field-text\" data-field-id=\"18\"><label class=\"wpforms-field-label\" for=\"wpforms-1764-field_18\">Address <span class=\"wpforms-required-label\" aria-hidden=\"true\">*<\/span><\/label><input type=\"text\" id=\"wpforms-1764-field_18\" class=\"wpforms-field-large wpforms-field-required\" name=\"wpforms[fields][18]\" aria-errormessage=\"wpforms-1764-field_18-error\" aria-describedby=\"wpforms-1764-field_18-description\" required><div id=\"wpforms-1764-field_18-description\" class=\"wpforms-field-description\">Street \/ No<\/div><\/div><div id=\"wpforms-1764-field_19-container\" class=\"wpforms-field wpforms-field-layout\" data-field-id=\"19\"><div class=\"wpforms-field-layout-rows wpforms-field-large\"><div class=\"wpforms-layout-row\"><div class=\"wpforms-layout-column wpforms-layout-column-50\"><div id=\"wpforms-1764-field_20-container\" class=\"wpforms-field wpforms-field-text\" data-field-id=\"20\"><label class=\"wpforms-field-label wpforms-label-hide\" for=\"wpforms-1764-field_20\" aria-hidden=\"false\">Zip code <span class=\"wpforms-required-label\" aria-hidden=\"true\">*<\/span><\/label><input type=\"text\" id=\"wpforms-1764-field_20\" class=\"wpforms-field-medium wpforms-field-required\" name=\"wpforms[fields][20]\" aria-errormessage=\"wpforms-1764-field_20-error\" aria-describedby=\"wpforms-1764-field_20-description\" required><div id=\"wpforms-1764-field_20-description\" class=\"wpforms-field-description\">Zip code<\/div><\/div><\/div><div class=\"wpforms-layout-column wpforms-layout-column-50\"><div id=\"wpforms-1764-field_21-container\" class=\"wpforms-field wpforms-field-text\" data-field-id=\"21\"><label class=\"wpforms-field-label wpforms-label-hide\" for=\"wpforms-1764-field_21\" aria-hidden=\"false\">Place <span class=\"wpforms-required-label\" aria-hidden=\"true\">*<\/span><\/label><input type=\"text\" id=\"wpforms-1764-field_21\" class=\"wpforms-field-medium wpforms-field-required\" name=\"wpforms[fields][21]\" aria-errormessage=\"wpforms-1764-field_21-error\" aria-describedby=\"wpforms-1764-field_21-description\" required><div id=\"wpforms-1764-field_21-description\" class=\"wpforms-field-description\">Place<\/div><\/div><\/div><\/div><\/div><\/div><div id=\"wpforms-1764-field_2-container\" class=\"wpforms-field wpforms-field-email\" data-field-id=\"2\"><label class=\"wpforms-field-label\" for=\"wpforms-1764-field_2\">E-mail address <span class=\"wpforms-required-label\" aria-hidden=\"true\">*<\/span><\/label><input type=\"email\" id=\"wpforms-1764-field_2\" class=\"wpforms-field-large wpforms-field-required\" name=\"wpforms[fields][2]\" spellcheck=\"false\" aria-errormessage=\"wpforms-1764-field_2-error\" required><\/div>\t\t<div id=\"wpforms-1764-field_1-container\"\n\t\t\tclass=\"wpforms-field wpforms-field-text\"\n\t\t\tdata-field-type=\"text\"\n\t\t\tdata-field-id=\"1\"\n\t\t\t>\n\t\t\t<label class=\"wpforms-field-label\" for=\"wpforms-1764-field_1\" >number name Additional<\/label>\n\t\t\t<input type=\"text\" id=\"wpforms-1764-field_1\" class=\"wpforms-field-medium\" name=\"wpforms[fields][1]\" >\n\t\t<\/div>\n\t\t<div id=\"wpforms-1764-field_32-container\" class=\"wpforms-field wpforms-field-layout\" data-field-id=\"32\"><div class=\"wpforms-field-layout-rows wpforms-field-large\"><div class=\"wpforms-layout-row\"><div class=\"wpforms-layout-column wpforms-layout-column-50\"><div id=\"wpforms-1764-field_6-container\" class=\"wpforms-field wpforms-field-phone\" data-field-id=\"6\"><label class=\"wpforms-field-label\" for=\"wpforms-1764-field_6\">Phone number <span class=\"wpforms-required-label\" aria-hidden=\"true\">*<\/span><\/label><input type=\"tel\" id=\"wpforms-1764-field_6\" class=\"wpforms-field-large wpforms-field-required wpforms-smart-phone-field\" data-rule-smart-phone-field=\"true\" name=\"wpforms[fields][6]\" aria-label=\"Phone number\" aria-errormessage=\"wpforms-1764-field_6-error\" required><\/div><\/div><div class=\"wpforms-layout-column wpforms-layout-column-50\"><div id=\"wpforms-1764-field_31-container\" class=\"wpforms-field wpforms-field-date-time\" data-field-id=\"31\"><label class=\"wpforms-field-label\" for=\"wpforms-1764-field_31\">Birthday <span class=\"wpforms-required-label\" aria-hidden=\"true\">*<\/span><\/label><div class=\"wpforms-datepicker-wrap\"><input type=\"text\" id=\"wpforms-1764-field_31\" class=\"wpforms-field-date-time-date wpforms-datepicker wpforms-field-required wpforms-field-medium\" data-date-format=\"m\/d\/Y\" data-disable-past-dates=\"0\" data-input=\"true\" name=\"wpforms[fields][31][date]\" aria-errormessage=\"wpforms-1764-field_31-error\" required><a title=\"Clear Date\" data-clear role=\"button\" tabindex=\"0\" class=\"wpforms-datepicker-clear\" aria-label=\"Clear Date\" style=\"display:none;\"><\/a><\/div><\/div><\/div><\/div><div class=\"wpforms-layout-row\"><div class=\"wpforms-layout-column wpforms-layout-column-50\"><div id=\"wpforms-1764-field_45-container\" class=\"wpforms-field wpforms-field-select wpforms-conditional-trigger wpforms-field-select-style-classic\" data-field-id=\"45\"><label class=\"wpforms-field-label\" for=\"wpforms-1764-field_45\">Marital status <span class=\"wpforms-required-label\" aria-hidden=\"true\">*<\/span><\/label><select id=\"wpforms-1764-field_45\" class=\"wpforms-field-medium wpforms-field-required\" name=\"wpforms[fields][45]\" required=\"required\"><option value=\"\" class=\"placeholder\" disabled  selected='selected'>Please select<\/option><option value=\"Single\"  class=\"choice-1 depth-1\"  >Single<\/option><option value=\"Married\"  class=\"choice-2 depth-1\"  >Married<\/option><option value=\"Separated (judicial or registered)\"  class=\"choice-3 depth-1\"  >Separated (judicial or registered)<\/option><option value=\"Divorced\"  class=\"choice-4 depth-1\"  >Divorced<\/option><option value=\"Registered partnership\"  class=\"choice-5 depth-1\"  >Registered partnership<\/option><option value=\"Widowed\"  class=\"choice-6 depth-1\"  >Widowed<\/option><option value=\"PACS\"  class=\"choice-7 depth-1\"  >PACS<\/option><\/select><\/div><\/div><div class=\"wpforms-layout-column wpforms-layout-column-50\"><\/div><\/div><\/div><\/div><div id=\"wpforms-1764-field_49-container\" class=\"wpforms-field wpforms-field-layout wpforms-conditional-field wpforms-conditional-show\" data-field-id=\"49\" style=\"display:none;\"><h3 class=\"wpforms-field-label\">\n\t\t\t\tAdditional master data (regarding marital status)\n\t\t\t<\/h3><div class=\"wpforms-field-layout-rows wpforms-field-large\"><div class=\"wpforms-layout-row\"><div class=\"wpforms-layout-column wpforms-layout-column-33\"><div id=\"wpforms-1764-field_50-container\" class=\"wpforms-field wpforms-field-select wpforms-conditional-field wpforms-conditional-show wpforms-field-select-style-classic\" data-field-id=\"50\" style=\"display:none;\"><label class=\"wpforms-field-label\" for=\"wpforms-1764-field_50\">Salutation<\/label><select id=\"wpforms-1764-field_50\" class=\"wpforms-field-medium\" name=\"wpforms[fields][50]\"><option value=\"\" class=\"placeholder\" disabled  selected='selected'>Please select<\/option><option value=\"Mr.\"  class=\"choice-1 depth-1\"  >Mr.<\/option><option value=\"Woman\"  class=\"choice-2 depth-1\"  >Woman<\/option><option value=\"Other\"  class=\"choice-3 depth-1\"  >Other<\/option><\/select><\/div><\/div><div class=\"wpforms-layout-column wpforms-layout-column-33\"><div id=\"wpforms-1764-field_51-container\" class=\"wpforms-field wpforms-field-text wpforms-conditional-field wpforms-conditional-show\" data-field-id=\"51\" style=\"display:none;\"><label class=\"wpforms-field-label\" for=\"wpforms-1764-field_51\">First name<\/label><input type=\"text\" id=\"wpforms-1764-field_51\" class=\"wpforms-field-medium\" name=\"wpforms[fields][51]\" aria-errormessage=\"wpforms-1764-field_51-error\" ><\/div><\/div><div class=\"wpforms-layout-column wpforms-layout-column-33\"><div id=\"wpforms-1764-field_52-container\" class=\"wpforms-field wpforms-field-text wpforms-conditional-field wpforms-conditional-show\" data-field-id=\"52\" style=\"display:none;\"><label class=\"wpforms-field-label\" for=\"wpforms-1764-field_52\">Surname<\/label><input type=\"text\" id=\"wpforms-1764-field_52\" class=\"wpforms-field-medium\" name=\"wpforms[fields][52]\" aria-errormessage=\"wpforms-1764-field_52-error\" ><\/div><\/div><\/div><\/div><\/div><div id=\"wpforms-1764-field_53-container\" class=\"wpforms-field wpforms-field-text wpforms-conditional-field wpforms-conditional-show\" data-field-id=\"53\" style=\"display:none;\"><label class=\"wpforms-field-label\" for=\"wpforms-1764-field_53\">Address<\/label><input type=\"text\" id=\"wpforms-1764-field_53\" class=\"wpforms-field-large\" name=\"wpforms[fields][53]\" aria-errormessage=\"wpforms-1764-field_53-error\" aria-describedby=\"wpforms-1764-field_53-description\" ><div id=\"wpforms-1764-field_53-description\" class=\"wpforms-field-description\">Street \/ No<\/div><\/div><div id=\"wpforms-1764-field_54-container\" class=\"wpforms-field wpforms-field-layout wpforms-conditional-field wpforms-conditional-show\" data-field-id=\"54\" style=\"display:none;\"><div class=\"wpforms-field-layout-rows wpforms-field-large\"><div class=\"wpforms-layout-row\"><div class=\"wpforms-layout-column wpforms-layout-column-50\"><div id=\"wpforms-1764-field_55-container\" class=\"wpforms-field wpforms-field-text wpforms-conditional-field wpforms-conditional-show\" data-field-id=\"55\" style=\"display:none;\"><label class=\"wpforms-field-label wpforms-label-hide\" for=\"wpforms-1764-field_55\" aria-hidden=\"false\">Zip code<\/label><input type=\"text\" id=\"wpforms-1764-field_55\" class=\"wpforms-field-medium\" name=\"wpforms[fields][55]\" aria-errormessage=\"wpforms-1764-field_55-error\" aria-describedby=\"wpforms-1764-field_55-description\" ><div id=\"wpforms-1764-field_55-description\" class=\"wpforms-field-description\">Zip code<\/div><\/div><\/div><div class=\"wpforms-layout-column wpforms-layout-column-50\"><div id=\"wpforms-1764-field_56-container\" class=\"wpforms-field wpforms-field-text wpforms-conditional-field wpforms-conditional-show\" data-field-id=\"56\" style=\"display:none;\"><label class=\"wpforms-field-label wpforms-label-hide\" for=\"wpforms-1764-field_56\" aria-hidden=\"false\">Place<\/label><input type=\"text\" id=\"wpforms-1764-field_56\" class=\"wpforms-field-medium\" name=\"wpforms[fields][56]\" aria-errormessage=\"wpforms-1764-field_56-error\" aria-describedby=\"wpforms-1764-field_56-description\" ><div id=\"wpforms-1764-field_56-description\" class=\"wpforms-field-description\">Place<\/div><\/div><\/div><\/div><\/div><\/div><div id=\"wpforms-1764-field_58-container\" class=\"wpforms-field wpforms-field-layout wpforms-conditional-field wpforms-conditional-show\" data-field-id=\"58\" style=\"display:none;\"><div class=\"wpforms-field-layout-rows wpforms-field-large\"><div class=\"wpforms-layout-row\"><div class=\"wpforms-layout-column wpforms-layout-column-50\"><div id=\"wpforms-1764-field_59-container\" class=\"wpforms-field wpforms-field-phone wpforms-conditional-field wpforms-conditional-show\" data-field-id=\"59\" style=\"display:none;\"><label class=\"wpforms-field-label\" for=\"wpforms-1764-field_59\">Phone number<\/label><input type=\"tel\" id=\"wpforms-1764-field_59\" class=\"wpforms-field-large wpforms-smart-phone-field\" data-rule-smart-phone-field=\"true\" name=\"wpforms[fields][59]\" aria-label=\"Phone number\" aria-errormessage=\"wpforms-1764-field_59-error\" ><\/div><\/div><div class=\"wpforms-layout-column wpforms-layout-column-50\"><div id=\"wpforms-1764-field_61-container\" class=\"wpforms-field wpforms-field-date-time wpforms-conditional-field wpforms-conditional-show\" data-field-id=\"61\" style=\"display:none;\"><label class=\"wpforms-field-label\" for=\"wpforms-1764-field_61\">Birthday<\/label><div class=\"wpforms-datepicker-wrap\"><input type=\"text\" id=\"wpforms-1764-field_61\" class=\"wpforms-field-date-time-date wpforms-datepicker wpforms-field-medium\" data-date-format=\"m\/d\/Y\" data-disable-past-dates=\"0\" data-input=\"true\" name=\"wpforms[fields][61][date]\" aria-errormessage=\"wpforms-1764-field_61-error\" ><a title=\"Clear Date\" data-clear role=\"button\" tabindex=\"0\" class=\"wpforms-datepicker-clear\" aria-label=\"Clear Date\" style=\"display:none;\"><\/a><\/div><\/div><\/div><\/div><\/div><\/div><div id=\"wpforms-1764-field_57-container\" class=\"wpforms-field wpforms-field-email wpforms-conditional-field wpforms-conditional-show\" data-field-id=\"57\" style=\"display:none;\"><label class=\"wpforms-field-label\" for=\"wpforms-1764-field_57\">E-mail address<\/label><input type=\"email\" id=\"wpforms-1764-field_57\" class=\"wpforms-field-large\" name=\"wpforms[fields][57]\" spellcheck=\"false\" aria-errormessage=\"wpforms-1764-field_57-error\" ><\/div><div id=\"wpforms-1764-field_38-container\" class=\"wpforms-field wpforms-field-layout\" data-field-id=\"38\"><h3 class=\"wpforms-field-label\">\n\t\t\t\tService reference\n\t\t\t<\/h3><div class=\"wpforms-field-layout-rows wpforms-field-large\"><div class=\"wpforms-layout-row\"><div class=\"wpforms-layout-column wpforms-layout-column-50\"><div id=\"wpforms-1764-field_42-container\" class=\"wpforms-field wpforms-field-text\" data-field-id=\"42\"><label class=\"wpforms-field-label\" for=\"wpforms-1764-field_42\">AHV no. <span class=\"wpforms-required-label\" aria-hidden=\"true\">*<\/span><\/label><input type=\"text\" id=\"wpforms-1764-field_42\" class=\"wpforms-field-medium wpforms-field-required\" name=\"wpforms[fields][42]\" aria-errormessage=\"wpforms-1764-field_42-error\" required><\/div><\/div><div class=\"wpforms-layout-column wpforms-layout-column-50\"><div id=\"wpforms-1764-field_40-container\" class=\"wpforms-field wpforms-field-text\" data-field-id=\"40\"><label class=\"wpforms-field-label\" for=\"wpforms-1764-field_40\">Nationality <span class=\"wpforms-required-label\" aria-hidden=\"true\">*<\/span><\/label><input type=\"text\" id=\"wpforms-1764-field_40\" class=\"wpforms-field-medium wpforms-field-required\" name=\"wpforms[fields][40]\" aria-errormessage=\"wpforms-1764-field_40-error\" required><\/div><\/div><\/div><div class=\"wpforms-layout-row\"><div class=\"wpforms-layout-column wpforms-layout-column-50\"><div id=\"wpforms-1764-field_62-container\" class=\"wpforms-field wpforms-field-select wpforms-conditional-trigger wpforms-field-select-style-classic\" data-field-id=\"62\"><label class=\"wpforms-field-label\" for=\"wpforms-1764-field_62\">Rechnungen <span class=\"wpforms-required-label\" aria-hidden=\"true\">*<\/span><\/label><select id=\"wpforms-1764-field_62\" class=\"wpforms-field-medium wpforms-field-required\" name=\"wpforms[fields][62]\" required=\"required\"><option value=\"\" class=\"placeholder\" disabled  selected='selected'>Bitte W\u00e4hlen<\/option><option value=\"Per Mail\"  class=\"choice-1 depth-1\"  >Per Mail<\/option><option value=\"Per Post\"  class=\"choice-2 depth-1\"  >Per Post<\/option><\/select><div id=\"wpforms-1764-field_62-description\" class=\"wpforms-field-description\">Sie k\u00f6nnen ausw\u00e4hlen, auf welchem Weg Sie unsere Rechnungen erhalten m\u00f6chten:<\/div><\/div><\/div><div class=\"wpforms-layout-column wpforms-layout-column-50\"><div id=\"wpforms-1764-field_63-container\" class=\"wpforms-field wpforms-field-select wpforms-conditional-trigger wpforms-field-select-style-classic\" data-field-id=\"63\"><label class=\"wpforms-field-label\" for=\"wpforms-1764-field_63\">Koresspondenz <span class=\"wpforms-required-label\" aria-hidden=\"true\">*<\/span><\/label><select id=\"wpforms-1764-field_63\" class=\"wpforms-field-medium wpforms-field-required\" name=\"wpforms[fields][63]\" required=\"required\"><option value=\"\" class=\"placeholder\" disabled  selected='selected'>Bitte W\u00e4hlen<\/option><option value=\"Per Mail\"  class=\"choice-1 depth-1\"  >Per Mail<\/option><option value=\"Per Post\"  class=\"choice-2 depth-1\"  >Per Post<\/option><\/select><div id=\"wpforms-1764-field_63-description\" class=\"wpforms-field-description\">Sie k\u00f6nnen ausw\u00e4hlen, auf welchem Weg Sie unsere Unterlagen erhalten m\u00f6chten:<\/div><\/div><\/div><\/div><div class=\"wpforms-layout-row\"><div class=\"wpforms-layout-column wpforms-layout-column-50\"><div id=\"wpforms-1764-field_64-container\" class=\"wpforms-field wpforms-field-email wpforms-conditional-field wpforms-conditional-show\" data-field-id=\"64\" style=\"display:none;\"><label class=\"wpforms-field-label\" for=\"wpforms-1764-field_64\">E-Mail-Adresse (Rechnungen)<\/label><input type=\"email\" id=\"wpforms-1764-field_64\" class=\"wpforms-field-large\" name=\"wpforms[fields][64]\" spellcheck=\"false\" aria-errormessage=\"wpforms-1764-field_64-error\" ><\/div><\/div><div class=\"wpforms-layout-column wpforms-layout-column-50\"><div id=\"wpforms-1764-field_65-container\" class=\"wpforms-field wpforms-field-email wpforms-conditional-field wpforms-conditional-show\" data-field-id=\"65\" style=\"display:none;\"><label class=\"wpforms-field-label\" for=\"wpforms-1764-field_65\">E-Mail-Adresse (Koresspondenz)<\/label><input type=\"email\" id=\"wpforms-1764-field_65\" class=\"wpforms-field-large\" name=\"wpforms[fields][65]\" spellcheck=\"false\" aria-errormessage=\"wpforms-1764-field_65-error\" ><\/div><\/div><\/div><\/div><\/div><div id=\"wpforms-1764-field_3-container\" class=\"wpforms-field wpforms-field-textarea\" data-field-id=\"3\"><label class=\"wpforms-field-label\" for=\"wpforms-1764-field_3\">Other concerns<\/label><textarea id=\"wpforms-1764-field_3\" class=\"wpforms-field-medium\" name=\"wpforms[fields][3]\" aria-errormessage=\"wpforms-1764-field_3-error\" ><\/textarea><\/div><div id=\"wpforms-1764-field_25-container\" class=\"wpforms-field wpforms-field-text\" data-field-id=\"25\"><label class=\"wpforms-field-label\" for=\"wpforms-1764-field_25\">How did you hear about the Meng &amp; Partner Group? <span class=\"wpforms-required-label\" aria-hidden=\"true\">*<\/span><\/label><input type=\"text\" id=\"wpforms-1764-field_25\" class=\"wpforms-field-large wpforms-field-required\" name=\"wpforms[fields][25]\" aria-errormessage=\"wpforms-1764-field_25-error\" required><\/div><div id=\"wpforms-1764-field_24-container\" class=\"wpforms-field wpforms-field-checkbox\" data-field-id=\"24\"><fieldset><legend class=\"wpforms-field-label wpforms-label-hide\" aria-hidden=\"false\">Checkboxes <span class=\"wpforms-required-label\" aria-hidden=\"true\">*<\/span><\/legend><ul id=\"wpforms-1764-field_24\" class=\"wpforms-field-required\"><li class=\"choice-1 depth-1\"><input type=\"checkbox\" id=\"wpforms-1764-field_24_1\" name=\"wpforms[fields][24][]\" value=\"I have taken note of the data protection information and general terms and conditions.\" aria-errormessage=\"wpforms-1764-field_24_1-error\" aria-describedby=\"wpforms-1764-field_24-description\" required ><label class=\"wpforms-field-label-inline\" for=\"wpforms-1764-field_24_1\">I have taken note of the data protection information and general terms and conditions.<\/label><\/li><\/ul><div id=\"wpforms-1764-field_24-description\" class=\"wpforms-field-description\">Mehr Informationen zu den Datenschutzinformationen und AGBs finden Sie auf unserer Webseite.<\/div><\/fieldset><\/div><script>\n\t\t\t\t( function() {\n\t\t\t\t\tconst style = document.createElement( 'style' );\n\t\t\t\t\tstyle.appendChild( document.createTextNode( '#wpforms-1764-field_1-container { position: absolute !important; overflow: hidden !important; display: inline !important; height: 1px !important; width: 1px !important; z-index: -1000 !important; padding: 0 !important; } #wpforms-1764-field_1-container input { visibility: hidden; } #wpforms-conversational-form-page #wpforms-1764-field_1-container label { counter-increment: none; }' ) );\n\t\t\t\t\tdocument.head.appendChild( style );\n\t\t\t\t\tdocument.currentScript?.remove();\n\t\t\t\t} )();\n\t\t\t<\/script><\/div><!-- .wpforms-field-container --><div class=\"wpforms-recaptcha-container wpforms-is-recaptcha wpforms-is-recaptcha-type-v3\" ><input type=\"hidden\" name=\"wpforms[recaptcha]\" value=\"\"><\/div><div class=\"wpforms-submit-container\" ><input type=\"hidden\" name=\"wpforms[id]\" value=\"1764\"><input type=\"hidden\" name=\"page_title\" value=\"\"><input type=\"hidden\" name=\"page_url\" value=\"https:\/\/www.meng-partner.ch\/en\/wp-json\/wp\/v2\/pages\/1760\"><input type=\"hidden\" name=\"url_referer\" value=\"\"><button type=\"submit\" name=\"wpforms[submit]\" id=\"wpforms-submit-1764\" class=\"wpforms-submit\" data-alt-text=\"Will be sent ...\" data-submit-text=\"Sending\" aria-live=\"assertive\" value=\"wpforms-submit\">Sending<\/button><img loading=\"lazy\" decoding=\"async\" src=\"https:\/\/www.meng-partner.ch\/wp-content\/plugins\/wpforms\/assets\/images\/submit-spin.svg\" class=\"wpforms-submit-spinner\" style=\"display: none;\" width=\"26\" height=\"26\" alt=\"Loading\"><\/div><\/form><\/div>  <!-- .wpforms-container -->","protected":false},"excerpt":{"rendered":"","protected":false},"author":3,"featured_media":1750,"parent":0,"menu_order":0,"comment_status":"closed","ping_status":"closed","template":"page-kundenaufnahme.php","meta":{"_acf_changed":false,"inline_featured_image":false,"footnotes":""},"class_list":["post-1760","page","type-page","status-publish","has-post-thumbnail","hentry"],"acf":[],"_links":{"self":[{"href":"https:\/\/www.meng-partner.ch\/en\/wp-json\/wp\/v2\/pages\/1760","targetHints":{"allow":["GET"]}}],"collection":[{"href":"https:\/\/www.meng-partner.ch\/en\/wp-json\/wp\/v2\/pages"}],"about":[{"href":"https:\/\/www.meng-partner.ch\/en\/wp-json\/wp\/v2\/types\/page"}],"author":[{"embeddable":true,"href":"https:\/\/www.meng-partner.ch\/en\/wp-json\/wp\/v2\/users\/3"}],"replies":[{"embeddable":true,"href":"https:\/\/www.meng-partner.ch\/en\/wp-json\/wp\/v2\/comments?post=1760"}],"version-history":[{"count":4,"href":"https:\/\/www.meng-partner.ch\/en\/wp-json\/wp\/v2\/pages\/1760\/revisions"}],"predecessor-version":[{"id":1782,"href":"https:\/\/www.meng-partner.ch\/en\/wp-json\/wp\/v2\/pages\/1760\/revisions\/1782"}],"wp:featuredmedia":[{"embeddable":true,"href":"https:\/\/www.meng-partner.ch\/en\/wp-json\/wp\/v2\/media\/1750"}],"wp:attachment":[{"href":"https:\/\/www.meng-partner.ch\/en\/wp-json\/wp\/v2\/media?parent=1760"}],"curies":[{"name":"wp","href":"https:\/\/api.w.org\/{rel}","templated":true}]}}